{"id":7,"date":"2021-04-18T06:55:47","date_gmt":"2021-04-18T06:55:47","guid":{"rendered":"https:\/\/tctsol.com\/index.php\/mesmerize\/"},"modified":"2023-04-27T17:58:31","modified_gmt":"2023-04-27T17:58:31","slug":"mesmerize","status":"publish","type":"page","link":"https:\/\/tctsol.com\/","title":{"rendered":"Inicio"},"content":{"rendered":"<div  data-label=\"Features\" data-id=\"features--1\" data-export-id=\"features-16\" data-category=\"features\" class=\"features-16 content-section content-section-spacing\" id=\"features-11\" style=\"background-color: rgb(245, 250, 253);\"><div  class=\"gridContainer\"> <div  class=\"row text-center\"><div  class=\"section-title-col\" data-type=\"column\"> <h2  class=\"\">Servicios que ofrecemos<\/h2> <p  class=\"lead\">Tenemos la soluci\u00f3n para tu antena, porteros y videoporteros autom\u00e1ticos, electricidad , ahorro energ\u00e9tico.<br >Especialistas en mantenimientos para comunidades, viviendas unifamiliares\u2026.<\/p><\/div> <\/div> <div  class=\"row spaced-cols\" data-type=\"row\"> <div  class=\"col-xs-12 col-sm-6 space-bottom col-md-4 \"> <img  decoding=\"async\" class=\"face\" src=\"https:\/\/tctsol.com\/wp-content\/uploads\/2023\/04\/cropped-cropped-cropped-cctv.jpg\" title=\"cropped-cropped-cropped-cctv.jpg\" alt=\"\"> <div  data-type=\"column\" class=\"col-padding-small col-padding-small-xs description-container\"> <h4  class=\"font-500\">Sistema Videovigilancia CCTV<\/h4> <p  class=\"\">Instalaci\u00f3n, Reparaci\u00f3n y Mantenimiento de c\u00e1maras de Seguridad y controles de acceso<\/p> <\/div> <\/div> <div  class=\"col-xs-12 col-sm-6 space-bottom col-md-4 \"> <img  decoding=\"async\" class=\"face\" src=\"https:\/\/tctsol.com\/wp-content\/uploads\/2023\/04\/cropped-cropped-Imagen1.jpg\" title=\"cropped-cropped-Imagen1.jpg\" alt=\"\"> <div  data-type=\"column\" class=\"col-padding-small col-padding-small-xs description-container\"> <h4  class=\"font-500\">Placas Solares<\/h4> <p  class=\"\">Es el momento de obtener el m\u00e1ximo ahorro en tu factura de electricidad y contribuir al medio ambiente.<\/p> <\/div> <\/div> <div  class=\"col-xs-12 col-sm-6 space-bottom col-md-4 \"> <img  decoding=\"async\" class=\"face\" src=\"https:\/\/tctsol.com\/wp-content\/uploads\/2023\/04\/cropped-cropped-antena.jpg\" title=\"cropped-cropped-antena.jpg\" alt=\"\"> <div  data-type=\"column\" class=\"col-padding-small col-padding-small-xs description-container\"> <h4  class=\"font-500\">Antenas<\/h4> <p  class=\"\">Especialistas en instalaci\u00f3n, reparaci\u00f3n y mantenimiento de equipos receptores de se\u00f1al Tv.Profesionales cualificados.<\/p> <\/div> <\/div><div  class=\"col-xs-12 col-sm-6 space-bottom col-md-4 \"> <img  decoding=\"async\" class=\"face\" src=\"https:\/\/tctsol.com\/wp-content\/uploads\/2023\/04\/cropped-Electricista.jpg\" title=\"cropped-Electricista.jpg\" alt=\"\"> <div  data-type=\"column\" class=\"col-padding-small col-padding-small-xs description-container\"> <h4  class=\"font-500\">Electricidad \u2013 Iluminaci\u00f3n<\/h4> <p  class=\"\">Mantenimiento de instalaciones electricas , alumbrado de comunidades de vecinos interior y exterior, negocios, garajes, oficinas, reformas, \u2026 servicio integral y&nbsp; ahorro energ\u00e9tico<br >Detectores de presencia, luces de escalera , cuadros el\u00e9ctricos, led\u2026<\/p> <\/div> <\/div><div  class=\"col-xs-12 col-sm-6 space-bottom col-md-4\"> <img  decoding=\"async\" class=\"face\" src=\"https:\/\/tctsol.com\/wp-content\/uploads\/2023\/04\/cropped-Redes-1.jpg\" title=\"cropped-Redes-1.jpg\" alt=\"\"> <div  data-type=\"column\" class=\"col-padding-small col-padding-small-xs description-container\"> <h4  class=\"font-500\">Redes Inform\u00e1ticas<\/h4> <p  class=\"\">Instalaci\u00f3n y asesoramiento de su red de datos y voz asi como Redes Wifi.<br >Amplicadores Wifi para usted.<\/p> <\/div> <\/div><div  class=\"col-xs-12 col-sm-6 space-bottom col-md-4\"> <img  decoding=\"async\" class=\"face\" src=\"https:\/\/tctsol.com\/wp-content\/uploads\/2023\/04\/cropped-cropped-VPortero.jpg\" title=\"cropped-cropped-VPortero.jpg\" alt=\"\"> <div  data-type=\"column\" class=\"col-padding-small col-padding-small-xs description-container\"> <h4  class=\"font-500\">Porteros y Videoporteros<\/h4> <p  class=\"\">Especialistas en Instalaci\u00f3n, reparaci\u00f3n y mantenimientos de portero autom\u00e1tico y video portero, Asesoramiento , personal altamente cualificado.<\/p> <\/div> <\/div><\/div> <\/div><\/div>","protected":false},"excerpt":{"rendered":"<p>Servicios que ofrecemos Tenemos la soluci\u00f3n para tu antena, porteros y videoporteros autom\u00e1ticos, electricidad , ahorro energ\u00e9tico.Especialistas en mantenimientos para comunidades, viviendas unifamiliares\u2026. Sistema Videovigilancia CCTV Instalaci\u00f3n, Reparaci\u00f3n y Mantenimiento de c\u00e1maras de Seguridad y controles de acceso Placas Solares Es el momento de obtener el m\u00e1ximo ahorro en tu factura de electricidad y contribuir&hellip; <br \/> <a class=\"read-more\" href=\"https:\/\/tctsol.com\/\">Leer m\u00e1s<\/a><\/p>\n","protected":false},"author":1,"featured_media":0,"parent":0,"menu_order":0,"comment_status":"closed","ping_status":"closed","template":"page-templates\/homepage.php","meta":{"footnotes":""},"class_list":["post-7","page","type-page","status-publish","hentry"],"_links":{"self":[{"href":"https:\/\/tctsol.com\/index.php\/wp-json\/wp\/v2\/pages\/7","targetHints":{"allow":["GET"]}}],"collection":[{"href":"https:\/\/tctsol.com\/index.php\/wp-json\/wp\/v2\/pages"}],"about":[{"href":"https:\/\/tctsol.com\/index.php\/wp-json\/wp\/v2\/types\/page"}],"author":[{"embeddable":true,"href":"https:\/\/tctsol.com\/index.php\/wp-json\/wp\/v2\/users\/1"}],"replies":[{"embeddable":true,"href":"https:\/\/tctsol.com\/index.php\/wp-json\/wp\/v2\/comments?post=7"}],"version-history":[{"count":61,"href":"https:\/\/tctsol.com\/index.php\/wp-json\/wp\/v2\/pages\/7\/revisions"}],"predecessor-version":[{"id":439,"href":"https:\/\/tctsol.com\/index.php\/wp-json\/wp\/v2\/pages\/7\/revisions\/439"}],"wp:attachment":[{"href":"https:\/\/tctsol.com\/index.php\/wp-json\/wp\/v2\/media?parent=7"}],"curies":[{"name":"wp","href":"https:\/\/api.w.org\/{rel}","templated":true}]}}