{"id":541,"date":"2023-04-26T16:06:57","date_gmt":"2023-04-26T16:06:57","guid":{"rendered":"https:\/\/tctsol.com\/?page_id=541"},"modified":"2023-04-27T17:56:07","modified_gmt":"2023-04-27T17:56:07","slug":"redes-informaticas","status":"publish","type":"page","link":"https:\/\/tctsol.com\/index.php\/redes-informaticas\/","title":{"rendered":""},"content":{"rendered":"<style>.elementor-widget-heading .elementor-heading-title{color:var( --e-global-color-primary );}.elementor-541 .elementor-element.elementor-element-05763d8{text-align:center;}.elementor-widget-text-editor{color:var( --e-global-color-text );}.elementor-widget-text-editor.elementor-drop-cap-view-stacked .elementor-drop-cap{background-color:var( --e-global-color-primary );}.elementor-widget-text-editor.elementor-drop-cap-view-framed .elementor-drop-cap, .elementor-widget-text-editor.elementor-drop-cap-view-default .elementor-drop-cap{color:var( --e-global-color-primary );border-color:var( --e-global-color-primary );}.elementor-widget-image .widget-image-caption{color:var( --e-global-color-text );}<\/style>\t\t<div data-elementor-type=\"wp-page\" data-elementor-id=\"541\" class=\"elementor elementor-541\">\n\t\t\t\t\t\t<section class=\"elementor-section elementor-top-section elementor-element elementor-element-5bdde35 elementor-section-boxed elementor-section-height-default elementor-section-height-default\" data-id=\"5bdde35\" data-element_type=\"section\" data-e-type=\"section\">\n\t\t\t\t\t\t<div class=\"elementor-container elementor-column-gap-default\">\n\t\t\t\t\t<div class=\"elementor-column elementor-col-100 elementor-top-column elementor-element elementor-element-c87527f\" data-id=\"c87527f\" data-element_type=\"column\" data-e-type=\"column\">\n\t\t\t<div class=\"elementor-widget-wrap elementor-element-populated\">\n\t\t\t\t\t\t<div class=\"elementor-element elementor-element-05763d8 elementor-widget elementor-widget-heading\" data-id=\"05763d8\" data-element_type=\"widget\" data-e-type=\"widget\" data-widget_type=\"heading.default\">\n\t\t\t\t<div class=\"elementor-widget-container\">\n\t\t\t\t\t<h2 class=\"elementor-heading-title elementor-size-default\">Redes Inform\u00e1ticas<\/h2>\t\t\t\t<\/div>\n\t\t\t\t<\/div>\n\t\t\t\t\t<\/div>\n\t\t<\/div>\n\t\t\t\t\t<\/div>\n\t\t<\/section>\n\t\t\t\t<section class=\"elementor-section elementor-top-section elementor-element elementor-element-4c45a45 elementor-section-boxed elementor-section-height-default elementor-section-height-default\" data-id=\"4c45a45\" data-element_type=\"section\" data-e-type=\"section\">\n\t\t\t\t\t\t<div class=\"elementor-container elementor-column-gap-default\">\n\t\t\t\t\t<div class=\"elementor-column elementor-col-100 elementor-top-column elementor-element elementor-element-ebc7338\" data-id=\"ebc7338\" data-element_type=\"column\" data-e-type=\"column\">\n\t\t\t<div class=\"elementor-widget-wrap elementor-element-populated\">\n\t\t\t\t\t\t<div class=\"elementor-element elementor-element-3cb3d8d elementor-widget elementor-widget-text-editor\" data-id=\"3cb3d8d\" data-element_type=\"widget\" data-e-type=\"widget\" data-widget_type=\"text-editor.default\">\n\t\t\t\t<div class=\"elementor-widget-container\">\n\t\t\t\t\t\t\t\t\t<h3><span style=\"color: #ff0000;\">\u00bfQu\u00e9 es una Red Informatica?<\/span><\/h3>\n<span class=\"negrita-subrayado\">Una red inform\u00e1tica<\/span>\u00a0<strong>es un conjunto de ordenadores y otros dispositivos conectados entre si para intercambiar informaci\u00f3n\u00a0<\/strong>(impresoras, archivos, etc.)\u00a0<strong>y compartir recursos.<\/strong>\n\nUna red inform\u00e1tica\u00a0<strong>nos permite<\/strong>\u00a0utilizar una \u00fanica conexi\u00f3n a internet en varios ordenadores, compartir impresora y otros perif\u00e9ricos, enviar y recibir mensajes y pasar archivos a otros ordenadores sin necesidad de un l\u00e1piz de memoria, cd u otro elemento.\n\nIncluso podemos ejecutar programas instalados en otros ordenadores de la red.\n\nHoy en d\u00eda ser\u00eda muy dif\u00edcil imaginar nuestro d\u00eda a d\u00eda y el mundo laboral actual sin la existencia de redes inform\u00e1ticas.\n<h3><span style=\"color: #ff0000;\">Ventajas de las Redes Inform\u00e1ticas<\/span><\/h3>\nLas principales ventajas de las redes son, por tanto:\n<ul>\n \t<li>Compartir datos<\/li>\n \t<li>El intercambio de recursos<\/li>\n \t<li>Gesti\u00f3n centralizada de programas y datos<\/li>\n \t<li>Almacenamiento y respaldo de datos centralizados<\/li>\n \t<li>Compartir la potencia inform\u00e1tica y la capacidad de almacenamiento<\/li>\n \t<li>Administraci\u00f3n simple de permisos y responsabilidades<\/li>\n<\/ul>\t\t\t\t\t\t\t\t<\/div>\n\t\t\t\t<\/div>\n\t\t\t\t\t<\/div>\n\t\t<\/div>\n\t\t\t\t\t<\/div>\n\t\t<\/section>\n\t\t\t\t<section class=\"elementor-section elementor-top-section elementor-element elementor-element-eb6326a elementor-section-boxed elementor-section-height-default elementor-section-height-default\" data-id=\"eb6326a\" data-element_type=\"section\" data-e-type=\"section\">\n\t\t\t\t\t\t<div class=\"elementor-container elementor-column-gap-default\">\n\t\t\t\t\t<div class=\"elementor-column elementor-col-100 elementor-top-column elementor-element elementor-element-6861890\" data-id=\"6861890\" data-element_type=\"column\" data-e-type=\"column\">\n\t\t\t<div class=\"elementor-widget-wrap elementor-element-populated\">\n\t\t\t\t\t\t<div class=\"elementor-element elementor-element-444a42c elementor-widget elementor-widget-text-editor\" data-id=\"444a42c\" data-element_type=\"widget\" data-e-type=\"widget\" data-widget_type=\"text-editor.default\">\n\t\t\t\t<div class=\"elementor-widget-container\">\n\t\t\t\t\t\t\t\t\t<h3><span style=\"color: #ff0000;\">Tipos de redes inform\u00e1ticas: de lo local<\/span><\/h3>\n<div>\n<p><span class=\"negrita-subrayado\">Red de \u00e1rea personal (PAN)<br><\/span><\/p>\n<\/div>\n<div>\n<p><span class=\"negrita-subrayado\">Se trata del tipo de red inform\u00e1tica m\u00e1s peque\u00f1o y b\u00e1sico<\/span><\/p>\n<h3 style=\"margin-bottom: 12px; line-height: 1.1; color: #1c233d; font-size: 1.3rem; font-family: 'Circular Std'; letter-spacing: 0.5px; background-color: #ffffff;\">Red de \u00e1rea local (LAN)&nbsp;<\/h3><\/div>\n<p><span class=\"negrita-subrayado\" style=\"color: var( --e-global-color-text );\">Seguro que sabes lo que son las LAN. Se trata de un tipo de red muy com\u00fan y muy usado que conecta un grupo de ordenadores o dispositivos ubicados en una misma estancia para&nbsp;<\/span><span style=\"font-weight: bolder; color: #1c233d; letter-spacing: 0.5px; background-color: #ffffff; font-family: titillium_webbold !important;\">compartir informaci\u00f3n y recursos.<\/span><\/p>\n<p><\/p>\n<div>\n<h3 style=\"margin-bottom: 15px; line-height: 1.1; color: #1c233d; font-size: 1.3rem; font-family: 'Circular Std'; letter-spacing: 0.5px; background-color: #ffffff;\">Red de \u00e1rea local inal\u00e1mbrica (WLAN)<\/h3>\n<\/div>\n<div>\n<p><span class=\"negrita-subrayado\">Al funcionar como una LAN, las WLAN utilizan tecnolog\u00eda de red inal\u00e1mbrica, como Wi-Fi. As\u00ed, en esencia es lo mismo que una red LAN solo que presenta una conectividad de red inal\u00e1mbrica.<\/span><\/p>\n<h3 style=\"margin-bottom: 15px; line-height: 1.1; color: #1c233d; font-size: 1.3rem; font-family: 'Circular Std'; letter-spacing: 0.5px; background-color: #ffffff;\">Red privada virtual (VPN)<\/h3>\n<p>Una VPN (Virtual Private Network) permite a sus usuarios enviar y recibir datos como si sus&nbsp;dispositivos estuvieran conectados a la red privada, incluso si no lo est\u00e1n. De esta forma, a trav\u00e9s de una conexi\u00f3n virtual, los usuarios pueden acceder a una&nbsp;red privada de forma remota.&nbsp;<\/p>\n<p><\/p>\n<\/div>\n<p>Estas son las mas usadas en las oficinas y en el hogar , aunque hay muchas m\u00e1s.<\/p>\t\t\t\t\t\t\t\t<\/div>\n\t\t\t\t<\/div>\n\t\t\t\t\t<\/div>\n\t\t<\/div>\n\t\t\t\t\t<\/div>\n\t\t<\/section>\n\t\t\t\t<section class=\"elementor-section elementor-top-section elementor-element elementor-element-dff74f9 elementor-section-boxed elementor-section-height-default elementor-section-height-default\" data-id=\"dff74f9\" data-element_type=\"section\" data-e-type=\"section\">\n\t\t\t\t\t\t<div class=\"elementor-container elementor-column-gap-default\">\n\t\t\t\t\t<div class=\"elementor-column elementor-col-100 elementor-top-column elementor-element elementor-element-d34c687\" data-id=\"d34c687\" data-element_type=\"column\" data-e-type=\"column\">\n\t\t\t<div class=\"elementor-widget-wrap elementor-element-populated\">\n\t\t\t\t\t\t<div class=\"elementor-element elementor-element-26d4ae9 elementor-widget elementor-widget-image\" data-id=\"26d4ae9\" data-element_type=\"widget\" data-e-type=\"widget\" data-widget_type=\"image.default\">\n\t\t\t\t<div class=\"elementor-widget-container\">\n\t\t\t\t\t\t\t\t\t\t\t\t\t\t\t<img fetchpriority=\"high\" decoding=\"async\" width=\"800\" height=\"400\" src=\"https:\/\/tctsol.com\/wp-content\/uploads\/2023\/04\/redes-informaticas.jpg\" class=\"attachment-large size-large wp-image-608\" alt=\"\" srcset=\"https:\/\/tctsol.com\/wp-content\/uploads\/2023\/04\/redes-informaticas.jpg 800w, https:\/\/tctsol.com\/wp-content\/uploads\/2023\/04\/redes-informaticas-300x150.jpg 300w, https:\/\/tctsol.com\/wp-content\/uploads\/2023\/04\/redes-informaticas-768x384.jpg 768w\" sizes=\"(max-width: 800px) 100vw, 800px\" \/>\t\t\t\t\t\t\t\t\t\t\t\t\t\t\t<\/div>\n\t\t\t\t<\/div>\n\t\t\t\t\t<\/div>\n\t\t<\/div>\n\t\t\t\t\t<\/div>\n\t\t<\/section>\n\t\t\t\t<\/div>\n\t\t","protected":false},"excerpt":{"rendered":"<p>Redes Inform\u00e1ticas \u00bfQu\u00e9 es una Red Informatica? Una red inform\u00e1tica\u00a0es un conjunto de ordenadores y otros dispositivos conectados entre si para intercambiar informaci\u00f3n\u00a0(impresoras, archivos, etc.)\u00a0y compartir recursos. Una red inform\u00e1tica\u00a0nos permite\u00a0utilizar una \u00fanica conexi\u00f3n a internet en varios ordenadores, compartir impresora y otros perif\u00e9ricos, enviar y recibir mensajes y pasar archivos a otros ordenadores sin&hellip; <br \/> <a class=\"read-more\" href=\"https:\/\/tctsol.com\/index.php\/redes-informaticas\/\">Leer m\u00e1s<\/a><\/p>\n","protected":false},"author":1,"featured_media":0,"parent":0,"menu_order":0,"comment_status":"closed","ping_status":"closed","template":"","meta":{"footnotes":""},"class_list":["post-541","page","type-page","status-publish","hentry"],"_links":{"self":[{"href":"https:\/\/tctsol.com\/index.php\/wp-json\/wp\/v2\/pages\/541","targetHints":{"allow":["GET"]}}],"collection":[{"href":"https:\/\/tctsol.com\/index.php\/wp-json\/wp\/v2\/pages"}],"about":[{"href":"https:\/\/tctsol.com\/index.php\/wp-json\/wp\/v2\/types\/page"}],"author":[{"embeddable":true,"href":"https:\/\/tctsol.com\/index.php\/wp-json\/wp\/v2\/users\/1"}],"replies":[{"embeddable":true,"href":"https:\/\/tctsol.com\/index.php\/wp-json\/wp\/v2\/comments?post=541"}],"version-history":[{"count":36,"href":"https:\/\/tctsol.com\/index.php\/wp-json\/wp\/v2\/pages\/541\/revisions"}],"predecessor-version":[{"id":648,"href":"https:\/\/tctsol.com\/index.php\/wp-json\/wp\/v2\/pages\/541\/revisions\/648"}],"wp:attachment":[{"href":"https:\/\/tctsol.com\/index.php\/wp-json\/wp\/v2\/media?parent=541"}],"curies":[{"name":"wp","href":"https:\/\/api.w.org\/{rel}","templated":true}]}}