{"id":54,"date":"2021-04-29T12:40:35","date_gmt":"2021-04-29T12:40:35","guid":{"rendered":"https:\/\/tctsol.com\/?page_id=54"},"modified":"2024-06-18T15:26:10","modified_gmt":"2024-06-18T15:26:10","slug":"quienes-somos","status":"publish","type":"page","link":"https:\/\/tctsol.com\/index.php\/quienes-somos\/","title":{"rendered":""},"content":{"rendered":"<style>.elementor-widget-text-editor{color:var( --e-global-color-text );}.elementor-widget-text-editor.elementor-drop-cap-view-stacked .elementor-drop-cap{background-color:var( --e-global-color-primary );}.elementor-widget-text-editor.elementor-drop-cap-view-framed .elementor-drop-cap, .elementor-widget-text-editor.elementor-drop-cap-view-default .elementor-drop-cap{color:var( --e-global-color-primary );border-color:var( --e-global-color-primary );}.elementor-widget-image .widget-image-caption{color:var( --e-global-color-text );}<\/style>\t\t<div data-elementor-type=\"wp-page\" data-elementor-id=\"54\" class=\"elementor elementor-54\">\n\t\t\t\t\t\t<section class=\"elementor-section elementor-top-section elementor-element elementor-element-197f443 elementor-section-boxed elementor-section-height-default elementor-section-height-default\" data-id=\"197f443\" data-element_type=\"section\" data-e-type=\"section\">\n\t\t\t\t\t\t<div class=\"elementor-container elementor-column-gap-default\">\n\t\t\t\t\t<div class=\"elementor-column elementor-col-100 elementor-top-column elementor-element elementor-element-bce094a\" data-id=\"bce094a\" data-element_type=\"column\" data-e-type=\"column\">\n\t\t\t<div class=\"elementor-widget-wrap elementor-element-populated\">\n\t\t\t\t\t\t<div class=\"elementor-element elementor-element-2494af0 elementor-widget elementor-widget-text-editor\" data-id=\"2494af0\" data-element_type=\"widget\" data-e-type=\"widget\" data-widget_type=\"text-editor.default\">\n\t\t\t\t<div class=\"elementor-widget-container\">\n\t\t\t\t\t\t\t\t\t<p>Somos una empresa del sector de las telecomunicaciones, creada en 1997 dedicada a la instalaci\u00f3n y al mantenimiento preventivo, dando servicio a m\u00e1s de 6.000 comunidades de propietarios en Madrid, Euskadi, Asturias.<\/p>\n<p>Estamos especializados en la transmisi\u00f3n y recepci\u00f3n de se\u00f1ales de TV terrestre y v\u00eda sat\u00e9lite, instalaci\u00f3n de Placas Solares y videoporteros y video porteros, video vigilancia, redes de voz y datos, dom\u00f3tica y electricidad. Con capacidad de dar soluciones integradas en todos estos campos.<\/p>\n<p>Estamos registrados en el Ministerio de Industria y Energ\u00eda como Instalador 5608 de Telecomunicaciones para los tipos A, B, C, D, E y F.<\/p>\n<p>Somos distribuidores y servicio t\u00e9cnico Oficial de Movistar +.<\/p>\n<p style=\"mso-margin-bottom-alt:auto;text-align:justify; line-height:normal\"><span style=\"font-size:12.0pt;font-family:&quot;Arial&quot;,sans-serif; mso-fareast-font-family:&quot;Times New Roman&quot;;mso-font-kerning:0pt;mso-ligatures: none;mso-fareast-language:ES\">Somos una&nbsp;<b>empresa dedicada al montaje y mantenimiento&nbsp;de Placas solares<\/b>.<o:p><\/o:p><\/span><\/p>\n<p>Realizamos instalaciones para ahorro energ\u00e9tico, convirtiendo la iluminaci\u00f3n est\u00e1ndar en iluminaci\u00f3n LED, con primeras marcas del mercado, garantizando ahorros superiores al 60% y realizando proyectos previos sin compromiso.<\/p>\n<p>Nuestra forma de actuar garantiza:<\/p>\n<ul>\n<li>Una r\u00e1pida elaboraci\u00f3n de presupuestos.<\/li>\n<li>Precios muy competitivos.<\/li>\n<li>Cumplimiento de los plazos acordados.<\/li>\n<\/ul>\n<p>Y siempre teniendo como norma garantizar la m\u00e1xima calidad.<\/p>\t\t\t\t\t\t\t\t<\/div>\n\t\t\t\t<\/div>\n\t\t\t\t\t<\/div>\n\t\t<\/div>\n\t\t\t\t\t<\/div>\n\t\t<\/section>\n\t\t\t\t<section class=\"elementor-section elementor-top-section elementor-element elementor-element-9c6ddc4 elementor-section-boxed elementor-section-height-default elementor-section-height-default\" data-id=\"9c6ddc4\" data-element_type=\"section\" data-e-type=\"section\">\n\t\t\t\t\t\t<div class=\"elementor-container elementor-column-gap-default\">\n\t\t\t\t\t<div class=\"elementor-column elementor-col-50 elementor-top-column elementor-element elementor-element-f261733\" data-id=\"f261733\" data-element_type=\"column\" data-e-type=\"column\">\n\t\t\t<div class=\"elementor-widget-wrap elementor-element-populated\">\n\t\t\t\t\t\t<div class=\"elementor-element elementor-element-dc4e758 elementor-widget elementor-widget-image\" data-id=\"dc4e758\" data-element_type=\"widget\" data-e-type=\"widget\" data-widget_type=\"image.default\">\n\t\t\t\t<div class=\"elementor-widget-container\">\n\t\t\t\t\t\t\t\t\t\t\t\t\t\t\t<img decoding=\"async\" width=\"198\" height=\"133\" src=\"https:\/\/tctsol.com\/wp-content\/uploads\/2021\/05\/LOGOTIPO-FENITEL-leyenda.png\" class=\"attachment-large size-large wp-image-160\" alt=\"\" \/>\t\t\t\t\t\t\t\t\t\t\t\t\t\t\t<\/div>\n\t\t\t\t<\/div>\n\t\t\t\t\t<\/div>\n\t\t<\/div>\n\t\t\t\t<div class=\"elementor-column elementor-col-50 elementor-top-column elementor-element elementor-element-e190951\" data-id=\"e190951\" data-element_type=\"column\" data-e-type=\"column\">\n\t\t\t<div class=\"elementor-widget-wrap\">\n\t\t\t\t\t\t\t<\/div>\n\t\t<\/div>\n\t\t\t\t\t<\/div>\n\t\t<\/section>\n\t\t\t\t<\/div>\n\t\t","protected":false},"excerpt":{"rendered":"<p>Somos una empresa del sector de las telecomunicaciones, creada en 1997 dedicada a la instalaci\u00f3n y al mantenimiento preventivo, dando servicio a m\u00e1s de 6.000 comunidades de propietarios en Madrid, Euskadi, Asturias. Estamos especializados en la transmisi\u00f3n y recepci\u00f3n de se\u00f1ales de TV terrestre y v\u00eda sat\u00e9lite, instalaci\u00f3n de Placas Solares y videoporteros y video&hellip; <br \/> <a class=\"read-more\" href=\"https:\/\/tctsol.com\/index.php\/quienes-somos\/\">Leer m\u00e1s<\/a><\/p>\n","protected":false},"author":1,"featured_media":0,"parent":0,"menu_order":0,"comment_status":"closed","ping_status":"closed","template":"","meta":{"footnotes":""},"class_list":["post-54","page","type-page","status-publish","hentry"],"_links":{"self":[{"href":"https:\/\/tctsol.com\/index.php\/wp-json\/wp\/v2\/pages\/54","targetHints":{"allow":["GET"]}}],"collection":[{"href":"https:\/\/tctsol.com\/index.php\/wp-json\/wp\/v2\/pages"}],"about":[{"href":"https:\/\/tctsol.com\/index.php\/wp-json\/wp\/v2\/types\/page"}],"author":[{"embeddable":true,"href":"https:\/\/tctsol.com\/index.php\/wp-json\/wp\/v2\/users\/1"}],"replies":[{"embeddable":true,"href":"https:\/\/tctsol.com\/index.php\/wp-json\/wp\/v2\/comments?post=54"}],"version-history":[{"count":50,"href":"https:\/\/tctsol.com\/index.php\/wp-json\/wp\/v2\/pages\/54\/revisions"}],"predecessor-version":[{"id":787,"href":"https:\/\/tctsol.com\/index.php\/wp-json\/wp\/v2\/pages\/54\/revisions\/787"}],"wp:attachment":[{"href":"https:\/\/tctsol.com\/index.php\/wp-json\/wp\/v2\/media?parent=54"}],"curies":[{"name":"wp","href":"https:\/\/api.w.org\/{rel}","templated":true}]}}