{"id":539,"date":"2023-04-26T16:06:57","date_gmt":"2023-04-26T16:06:57","guid":{"rendered":"https:\/\/tctsol.com\/?page_id=539"},"modified":"2023-07-18T07:55:24","modified_gmt":"2023-07-18T07:55:24","slug":"electricidad","status":"publish","type":"page","link":"https:\/\/tctsol.com\/index.php\/electricidad\/","title":{"rendered":"electricidad"},"content":{"rendered":"\t\t<div data-elementor-type=\"wp-page\" data-elementor-id=\"539\" class=\"elementor elementor-539\">\n\t\t\t\t\t\t<section class=\"elementor-section elementor-top-section elementor-element elementor-element-b674901 elementor-section-boxed elementor-section-height-default elementor-section-height-default\" data-id=\"b674901\" data-element_type=\"section\" data-e-type=\"section\">\n\t\t\t\t\t\t<div class=\"elementor-container elementor-column-gap-default\">\n\t\t\t\t\t<div class=\"elementor-column elementor-col-100 elementor-top-column elementor-element elementor-element-1ca9399\" data-id=\"1ca9399\" data-element_type=\"column\" data-e-type=\"column\">\n\t\t\t<div class=\"elementor-widget-wrap elementor-element-populated\">\n\t\t\t\t\t\t<div class=\"elementor-element elementor-element-fa548ae elementor-widget elementor-widget-heading\" data-id=\"fa548ae\" data-element_type=\"widget\" data-e-type=\"widget\" data-widget_type=\"heading.default\">\n\t\t\t\t<div class=\"elementor-widget-container\">\n\t\t\t\t\t<h3 class=\"elementor-heading-title elementor-size-default\">SERVICIOS DE ELECTRICIDAD EN VIVIENDAS , COMUNIDADES , EMPRESAS , LOCALES ...<\/h3>\t\t\t\t<\/div>\n\t\t\t\t<\/div>\n\t\t\t\t\t<\/div>\n\t\t<\/div>\n\t\t\t\t\t<\/div>\n\t\t<\/section>\n\t\t\t\t<section class=\"elementor-section elementor-top-section elementor-element elementor-element-0e33b70 elementor-section-boxed elementor-section-height-default elementor-section-height-default\" data-id=\"0e33b70\" data-element_type=\"section\" data-e-type=\"section\">\n\t\t\t\t\t\t<div class=\"elementor-container elementor-column-gap-default\">\n\t\t\t\t\t<div class=\"elementor-column elementor-col-50 elementor-top-column elementor-element elementor-element-fd7f56b\" data-id=\"fd7f56b\" data-element_type=\"column\" data-e-type=\"column\">\n\t\t\t<div class=\"elementor-widget-wrap elementor-element-populated\">\n\t\t\t\t\t\t<div class=\"elementor-element elementor-element-dcd2275 elementor-widget elementor-widget-image\" data-id=\"dcd2275\" data-element_type=\"widget\" data-e-type=\"widget\" data-widget_type=\"image.default\">\n\t\t\t\t<div class=\"elementor-widget-container\">\n\t\t\t\t\t\t\t\t\t\t\t\t\t\t\t<img fetchpriority=\"high\" decoding=\"async\" width=\"600\" height=\"400\" src=\"https:\/\/tctsol.com\/wp-content\/uploads\/2023\/04\/Electricista.jpg\" class=\"attachment-2048x2048 size-2048x2048 wp-image-347\" alt=\"\" srcset=\"https:\/\/tctsol.com\/wp-content\/uploads\/2023\/04\/Electricista.jpg 600w, https:\/\/tctsol.com\/wp-content\/uploads\/2023\/04\/Electricista-300x200.jpg 300w\" sizes=\"(max-width: 600px) 100vw, 600px\" \/>\t\t\t\t\t\t\t\t\t\t\t\t\t\t\t<\/div>\n\t\t\t\t<\/div>\n\t\t\t\t\t<\/div>\n\t\t<\/div>\n\t\t\t\t<div class=\"elementor-column elementor-col-50 elementor-top-column elementor-element elementor-element-cbdf650\" data-id=\"cbdf650\" data-element_type=\"column\" data-e-type=\"column\">\n\t\t\t<div class=\"elementor-widget-wrap elementor-element-populated\">\n\t\t\t\t\t\t<div class=\"elementor-element elementor-element-af983e6 elementor-widget elementor-widget-text-editor\" data-id=\"af983e6\" data-element_type=\"widget\" data-e-type=\"widget\" data-widget_type=\"text-editor.default\">\n\t\t\t\t<div class=\"elementor-widget-container\">\n\t\t\t\t\t\t\t\t\t<h6 class=\"left_title title_bgr\" style=\"text-align: left;\"><span style=\"color: var( --e-global-color-text ); font-family: 'Open Sans', sans-serif; font-size: 16px; font-weight: 300;\">Somos profesionales cualificados con experiencia . Te ofrecemos la mejor soluci\u00f3n a tus problemas el\u00e9ctricos con proyectos a medida de tus necesidades con un servicio integral, r\u00e1pido, econ\u00f3mico y de calidad.<\/span><\/h6><p><span style=\"color: #808080;\">Realizamos todos los servicios el\u00e9ctricos que necesitas para cubrir tus necesidades , desde el montaje en obra nueva y en reformas, hasta la reparaci\u00f3n de cualquier tipo de aver\u00eda.<\/span><\/p><p><span style=\"color: #808080;\"> Es muy importante vigilar el estado de la instalaci\u00f3n el\u00e9ctrica, sobre todo si \u00e9sta es antigua, por lo que aconsejamos llevar a cabo revisiones peri\u00f3dicas y un mantenimiento que garantice la seguridad del usuario, la eficiencia de la instalaci\u00f3n y el cumplimiento de la normativa vigente.<\/span><\/p><p><span style=\"color: #808080;\"> Si tienes dudas, ll\u00e1manos y nosotros te asesoraremos.<\/span><\/p><p>\u00a0<\/p>\t\t\t\t\t\t\t\t<\/div>\n\t\t\t\t<\/div>\n\t\t\t\t\t<\/div>\n\t\t<\/div>\n\t\t\t\t\t<\/div>\n\t\t<\/section>\n\t\t\t\t<\/div>\n\t\t","protected":false},"excerpt":{"rendered":"<p>SERVICIOS DE ELECTRICIDAD EN VIVIENDAS , COMUNIDADES , EMPRESAS , LOCALES &#8230; Somos profesionales cualificados con experiencia . Te ofrecemos la mejor soluci\u00f3n a tus problemas el\u00e9ctricos con proyectos a medida de tus necesidades con un servicio integral, r\u00e1pido, econ\u00f3mico y de calidad. Realizamos todos los servicios el\u00e9ctricos que necesitas para cubrir tus necesidades ,&hellip; <br \/> <a class=\"read-more\" href=\"https:\/\/tctsol.com\/index.php\/electricidad\/\">Leer m\u00e1s<\/a><\/p>\n","protected":false},"author":1,"featured_media":0,"parent":0,"menu_order":0,"comment_status":"closed","ping_status":"closed","template":"","meta":{"footnotes":""},"class_list":["post-539","page","type-page","status-publish","hentry"],"_links":{"self":[{"href":"https:\/\/tctsol.com\/index.php\/wp-json\/wp\/v2\/pages\/539","targetHints":{"allow":["GET"]}}],"collection":[{"href":"https:\/\/tctsol.com\/index.php\/wp-json\/wp\/v2\/pages"}],"about":[{"href":"https:\/\/tctsol.com\/index.php\/wp-json\/wp\/v2\/types\/page"}],"author":[{"embeddable":true,"href":"https:\/\/tctsol.com\/index.php\/wp-json\/wp\/v2\/users\/1"}],"replies":[{"embeddable":true,"href":"https:\/\/tctsol.com\/index.php\/wp-json\/wp\/v2\/comments?post=539"}],"version-history":[{"count":46,"href":"https:\/\/tctsol.com\/index.php\/wp-json\/wp\/v2\/pages\/539\/revisions"}],"predecessor-version":[{"id":729,"href":"https:\/\/tctsol.com\/index.php\/wp-json\/wp\/v2\/pages\/539\/revisions\/729"}],"wp:attachment":[{"href":"https:\/\/tctsol.com\/index.php\/wp-json\/wp\/v2\/media?parent=539"}],"curies":[{"name":"wp","href":"https:\/\/api.w.org\/{rel}","templated":true}]}}