{"id":538,"date":"2023-04-26T16:06:57","date_gmt":"2023-04-26T16:06:57","guid":{"rendered":"https:\/\/tctsol.com\/?page_id=538"},"modified":"2023-07-18T08:24:27","modified_gmt":"2023-07-18T08:24:27","slug":"antena-2","status":"publish","type":"page","link":"https:\/\/tctsol.com\/index.php\/antena-2\/","title":{"rendered":"Antenas"},"content":{"rendered":"\t\t<div data-elementor-type=\"wp-page\" data-elementor-id=\"538\" class=\"elementor elementor-538\">\n\t\t\t\t\t\t<section class=\"elementor-section elementor-top-section elementor-element elementor-element-b8a51e1 elementor-section-boxed elementor-section-height-default elementor-section-height-default\" data-id=\"b8a51e1\" data-element_type=\"section\" data-e-type=\"section\">\n\t\t\t\t\t\t<div class=\"elementor-container elementor-column-gap-default\">\n\t\t\t\t\t<div class=\"elementor-column elementor-col-100 elementor-top-column elementor-element elementor-element-c89898d\" data-id=\"c89898d\" data-element_type=\"column\" data-e-type=\"column\">\n\t\t\t<div class=\"elementor-widget-wrap elementor-element-populated\">\n\t\t\t\t\t\t<div class=\"elementor-element elementor-element-d6e1031 elementor-widget elementor-widget-heading\" data-id=\"d6e1031\" data-element_type=\"widget\" data-e-type=\"widget\" data-widget_type=\"heading.default\">\n\t\t\t\t<div class=\"elementor-widget-container\">\n\t\t\t\t\t<h3 class=\"elementor-heading-title elementor-size-default\">SERVICIO TECNICO PARA COMUNIDADES , HOGARES , EMPRESAS , LOCALES...<\/h3>\t\t\t\t<\/div>\n\t\t\t\t<\/div>\n\t\t\t\t\t<\/div>\n\t\t<\/div>\n\t\t\t\t\t<\/div>\n\t\t<\/section>\n\t\t\t\t<section class=\"elementor-section elementor-top-section elementor-element elementor-element-ed587f3 elementor-section-boxed elementor-section-height-default elementor-section-height-default\" data-id=\"ed587f3\" data-element_type=\"section\" data-e-type=\"section\">\n\t\t\t\t\t\t<div class=\"elementor-container elementor-column-gap-default\">\n\t\t\t\t\t<div class=\"elementor-column elementor-col-50 elementor-top-column elementor-element elementor-element-60948e4\" data-id=\"60948e4\" data-element_type=\"column\" data-e-type=\"column\">\n\t\t\t<div class=\"elementor-widget-wrap elementor-element-populated\">\n\t\t\t\t\t\t<div class=\"elementor-element elementor-element-dbe7c47 elementor-widget elementor-widget-text-editor\" data-id=\"dbe7c47\" data-element_type=\"widget\" data-e-type=\"widget\" data-widget_type=\"text-editor.default\">\n\t\t\t\t<div class=\"elementor-widget-container\">\n\t\t\t\t\t\t\t\t\t<p>Estamos especializados en la <b>instalaci\u00f3n, reparaci\u00f3n y mantenimiento de todo tipo de antenas de tv<\/b>. Todos nuestros trabajos se realizan con los mejores materiales de las mejores marcas reconocidas en el mundo de las telecomunicaciones, asegurando un servicio de total garant\u00eda y unos precios competitivos.<\/p><p>Utilizamos las \u00faltimas tecnolog\u00edas para poder ofrecer los mejores servicios de\u00a0<b>instalaci\u00f3n de antenas Digitales , TDT, Sat\u00e9lite, ICT y distribuci\u00f3n.<\/b><\/p><p>Nos diferenciamos de las dem\u00e1s empresas por tener un <b>servicio r\u00e1pido, econ\u00f3mico.\u00a0<\/b><\/p><p>Realizamos todo tipo de reparaci\u00f3n relacionados con tu <b>antena tv<\/b>; \u00a0y todo a los\u00a0<b>mejores precios<\/b>\u00a0<\/p>\t\t\t\t\t\t\t\t<\/div>\n\t\t\t\t<\/div>\n\t\t\t\t\t<\/div>\n\t\t<\/div>\n\t\t\t\t<div class=\"elementor-column elementor-col-50 elementor-top-column elementor-element elementor-element-491f6e1\" data-id=\"491f6e1\" data-element_type=\"column\" data-e-type=\"column\">\n\t\t\t<div class=\"elementor-widget-wrap elementor-element-populated\">\n\t\t\t\t\t\t<div class=\"elementor-element elementor-element-9bd3d64 elementor-widget elementor-widget-image\" data-id=\"9bd3d64\" data-element_type=\"widget\" data-e-type=\"widget\" data-widget_type=\"image.default\">\n\t\t\t\t<div class=\"elementor-widget-container\">\n\t\t\t\t\t\t\t\t\t\t\t\t\t\t\t<img fetchpriority=\"high\" decoding=\"async\" width=\"1024\" height=\"632\" src=\"https:\/\/tctsol.com\/wp-content\/uploads\/2021\/04\/antenas-1-1024x632.jpg\" class=\"attachment-large size-large wp-image-40\" alt=\"\" srcset=\"https:\/\/tctsol.com\/wp-content\/uploads\/2021\/04\/antenas-1-1024x632.jpg 1024w, https:\/\/tctsol.com\/wp-content\/uploads\/2021\/04\/antenas-1-300x185.jpg 300w, https:\/\/tctsol.com\/wp-content\/uploads\/2021\/04\/antenas-1-768x474.jpg 768w, https:\/\/tctsol.com\/wp-content\/uploads\/2021\/04\/antenas-1.jpg 1248w\" sizes=\"(max-width: 1024px) 100vw, 1024px\" \/>\t\t\t\t\t\t\t\t\t\t\t\t\t\t\t<\/div>\n\t\t\t\t<\/div>\n\t\t\t\t\t<\/div>\n\t\t<\/div>\n\t\t\t\t\t<\/div>\n\t\t<\/section>\n\t\t\t\t<\/div>\n\t\t","protected":false},"excerpt":{"rendered":"<p>SERVICIO TECNICO PARA COMUNIDADES , HOGARES , EMPRESAS , LOCALES&#8230; Estamos especializados en la instalaci\u00f3n, reparaci\u00f3n y mantenimiento de todo tipo de antenas de tv. Todos nuestros trabajos se realizan con los mejores materiales de las mejores marcas reconocidas en el mundo de las telecomunicaciones, asegurando un servicio de total garant\u00eda y unos precios competitivos.&hellip; <br \/> <a class=\"read-more\" href=\"https:\/\/tctsol.com\/index.php\/antena-2\/\">Leer m\u00e1s<\/a><\/p>\n","protected":false},"author":1,"featured_media":0,"parent":0,"menu_order":0,"comment_status":"closed","ping_status":"closed","template":"","meta":{"footnotes":""},"class_list":["post-538","page","type-page","status-publish","hentry"],"_links":{"self":[{"href":"https:\/\/tctsol.com\/index.php\/wp-json\/wp\/v2\/pages\/538","targetHints":{"allow":["GET"]}}],"collection":[{"href":"https:\/\/tctsol.com\/index.php\/wp-json\/wp\/v2\/pages"}],"about":[{"href":"https:\/\/tctsol.com\/index.php\/wp-json\/wp\/v2\/types\/page"}],"author":[{"embeddable":true,"href":"https:\/\/tctsol.com\/index.php\/wp-json\/wp\/v2\/users\/1"}],"replies":[{"embeddable":true,"href":"https:\/\/tctsol.com\/index.php\/wp-json\/wp\/v2\/comments?post=538"}],"version-history":[{"count":26,"href":"https:\/\/tctsol.com\/index.php\/wp-json\/wp\/v2\/pages\/538\/revisions"}],"predecessor-version":[{"id":780,"href":"https:\/\/tctsol.com\/index.php\/wp-json\/wp\/v2\/pages\/538\/revisions\/780"}],"wp:attachment":[{"href":"https:\/\/tctsol.com\/index.php\/wp-json\/wp\/v2\/media?parent=538"}],"curies":[{"name":"wp","href":"https:\/\/api.w.org\/{rel}","templated":true}]}}