{"id":537,"date":"2023-04-26T16:06:57","date_gmt":"2023-04-26T16:06:57","guid":{"rendered":"https:\/\/tctsol.com\/?page_id=537"},"modified":"2023-04-27T17:36:47","modified_gmt":"2023-04-27T17:36:47","slug":"cctv-2","status":"publish","type":"page","link":"https:\/\/tctsol.com\/index.php\/cctv-2\/","title":{"rendered":""},"content":{"rendered":"<style>.elementor-widget-heading .elementor-heading-title{color:var( --e-global-color-primary );}.elementor-537 .elementor-element.elementor-element-389b4dc{text-align:center;}.elementor-widget-text-editor{color:var( --e-global-color-text );}.elementor-widget-text-editor.elementor-drop-cap-view-stacked .elementor-drop-cap{background-color:var( --e-global-color-primary );}.elementor-widget-text-editor.elementor-drop-cap-view-framed .elementor-drop-cap, .elementor-widget-text-editor.elementor-drop-cap-view-default .elementor-drop-cap{color:var( --e-global-color-primary );border-color:var( --e-global-color-primary );}.elementor-537 .elementor-element.elementor-element-09b87e3{width:var( --container-widget-width, 105.818% );max-width:105.818%;--container-widget-width:105.818%;--container-widget-flex-grow:0;}.elementor-widget-image .widget-image-caption{color:var( --e-global-color-text );}@media(min-width:768px){.elementor-537 .elementor-element.elementor-element-9c8f76b{width:50.088%;}.elementor-537 .elementor-element.elementor-element-7020358{width:49.868%;}}<\/style>\t\t<div data-elementor-type=\"wp-page\" data-elementor-id=\"537\" class=\"elementor elementor-537\">\n\t\t\t\t\t\t<section class=\"elementor-section elementor-top-section elementor-element elementor-element-97351df elementor-section-boxed elementor-section-height-default elementor-section-height-default\" data-id=\"97351df\" data-element_type=\"section\" data-e-type=\"section\">\n\t\t\t\t\t\t<div class=\"elementor-container elementor-column-gap-default\">\n\t\t\t\t\t<div class=\"elementor-column elementor-col-100 elementor-top-column elementor-element elementor-element-dd71fd3\" data-id=\"dd71fd3\" data-element_type=\"column\" data-e-type=\"column\">\n\t\t\t<div class=\"elementor-widget-wrap elementor-element-populated\">\n\t\t\t\t\t\t<div class=\"elementor-element elementor-element-389b4dc elementor-widget elementor-widget-heading\" data-id=\"389b4dc\" data-element_type=\"widget\" data-e-type=\"widget\" data-widget_type=\"heading.default\">\n\t\t\t\t<div class=\"elementor-widget-container\">\n\t\t\t\t\t<h1 class=\"elementor-heading-title elementor-size-default\">Circuito cerrado de TV<\/h1>\t\t\t\t<\/div>\n\t\t\t\t<\/div>\n\t\t\t\t\t<\/div>\n\t\t<\/div>\n\t\t\t\t\t<\/div>\n\t\t<\/section>\n\t\t\t\t<section class=\"elementor-section elementor-top-section elementor-element elementor-element-61522e3 elementor-section-boxed elementor-section-height-default elementor-section-height-default\" data-id=\"61522e3\" data-element_type=\"section\" data-e-type=\"section\">\n\t\t\t\t\t\t<div class=\"elementor-container elementor-column-gap-default\">\n\t\t\t\t\t<div class=\"elementor-column elementor-col-50 elementor-top-column elementor-element elementor-element-9c8f76b\" data-id=\"9c8f76b\" data-element_type=\"column\" data-e-type=\"column\">\n\t\t\t<div class=\"elementor-widget-wrap elementor-element-populated\">\n\t\t\t\t\t\t<div class=\"elementor-element elementor-element-09b87e3 elementor-widget__width-initial elementor-widget elementor-widget-text-editor\" data-id=\"09b87e3\" data-element_type=\"widget\" data-e-type=\"widget\" data-widget_type=\"text-editor.default\">\n\t\t\t\t<div class=\"elementor-widget-container\">\n\t\t\t\t\t\t\t\t\t<p style=\"text-align: justify;\">Un CCTV o&nbsp;circuito cerrado de televisi\u00f3n&nbsp;es una instalaci\u00f3n de equipos conectados que generan im\u00e1genes que solo puede ser visto por un grupo determinado de personas, estas se personalizan para adaptarse a las necesidades de cada cliente bien sean orientadas a la seguridad, vigilancia o mejora de servicio.<\/p>\n<p style=\"text-align: justify;\">Lo que mucha gente no sabe, sin embargo, es que existe una variedad de diferentes tipos de c\u00e1maras CCTV que se adaptan a diferentes situaciones o locales, y que seleccionar la c\u00e1mara adecuada para la aplicaci\u00f3n correcta es realmente vital.<\/p>\n<p style=\"text-align: justify;\">Para eso nuestros especialistas les hacen un estudio del per\u00edmetro que hay que proteger para aconsejarles las mejores c\u00e1maras y equipos para su&nbsp; negocio, chalet , oficinas. etc.<\/p>\n<p style=\"text-align: justify;\">Capaces de funcionar tanto en entornos normales como con poca iluminaci\u00f3n, estas c\u00e1maras se benefician de no requerir iluminadores infrarrojos incorporados, ya que pueden capturar im\u00e1genes de video claras en la oscuridad gracias a sus chips de im\u00e1genes extra sensibles. Por esta raz\u00f3n, estas c\u00e1maras&nbsp;son ideales para aplicaciones de vigilancia al aire libre&nbsp;en las que las c\u00e1maras IR no pueden funcionar de manera \u00f3ptima.<span style=\"color: #000000; font-family: Roboto, sans-serif; text-align: justify; background-color: #ffffff;\"><br>\n<\/span><\/p>\n<p><span style=\"color: #000000; font-family: Roboto, sans-serif; text-align: justify; background-color: #ffffff;\">&nbsp;<\/span><\/p>\n<p><span style=\"color: #000000; font-family: Roboto, sans-serif; text-align: justify; background-color: #ffffff;\">&nbsp;<\/span><\/p>\n<p><span style=\"color: #000000; font-family: Roboto, sans-serif; text-align: justify; background-color: #ffffff;\">&nbsp;<\/span><\/p>\t\t\t\t\t\t\t\t<\/div>\n\t\t\t\t<\/div>\n\t\t\t\t\t<\/div>\n\t\t<\/div>\n\t\t\t\t<div class=\"elementor-column elementor-col-50 elementor-top-column elementor-element elementor-element-7020358\" data-id=\"7020358\" data-element_type=\"column\" data-e-type=\"column\">\n\t\t\t<div class=\"elementor-widget-wrap elementor-element-populated\">\n\t\t\t\t\t\t<div class=\"elementor-element elementor-element-c4ba32a elementor-widget elementor-widget-image\" data-id=\"c4ba32a\" data-element_type=\"widget\" data-e-type=\"widget\" data-widget_type=\"image.default\">\n\t\t\t\t<div class=\"elementor-widget-container\">\n\t\t\t\t\t\t\t\t\t\t\t\t\t\t\t<img fetchpriority=\"high\" decoding=\"async\" width=\"612\" height=\"408\" src=\"https:\/\/tctsol.com\/wp-content\/uploads\/2023\/04\/CCtv1.jpg\" class=\"attachment-mesmerize-full-hd size-mesmerize-full-hd wp-image-569\" alt=\"\" srcset=\"https:\/\/tctsol.com\/wp-content\/uploads\/2023\/04\/CCtv1.jpg 612w, https:\/\/tctsol.com\/wp-content\/uploads\/2023\/04\/CCtv1-300x200.jpg 300w\" sizes=\"(max-width: 612px) 100vw, 612px\" \/>\t\t\t\t\t\t\t\t\t\t\t\t\t\t\t<\/div>\n\t\t\t\t<\/div>\n\t\t\t\t\t<\/div>\n\t\t<\/div>\n\t\t\t\t\t<\/div>\n\t\t<\/section>\n\t\t\t\t<section class=\"elementor-section elementor-top-section elementor-element elementor-element-526f248 elementor-section-boxed elementor-section-height-default elementor-section-height-default\" data-id=\"526f248\" data-element_type=\"section\" data-e-type=\"section\">\n\t\t\t\t\t\t<div class=\"elementor-container elementor-column-gap-default\">\n\t\t\t\t\t<div class=\"elementor-column elementor-col-100 elementor-top-column elementor-element elementor-element-cc992ea\" data-id=\"cc992ea\" data-element_type=\"column\" data-e-type=\"column\">\n\t\t\t<div class=\"elementor-widget-wrap elementor-element-populated\">\n\t\t\t\t\t\t<div class=\"elementor-element elementor-element-4d3a627 elementor-widget elementor-widget-image\" data-id=\"4d3a627\" data-element_type=\"widget\" data-e-type=\"widget\" data-widget_type=\"image.default\">\n\t\t\t\t<div class=\"elementor-widget-container\">\n\t\t\t\t\t\t\t\t\t\t\t\t\t\t\t<img decoding=\"async\" width=\"700\" height=\"474\" src=\"https:\/\/tctsol.com\/wp-content\/uploads\/2023\/04\/Circuitos-de-camaras-de-seguridad.jpg\" class=\"attachment-large size-large wp-image-573\" alt=\"\" srcset=\"https:\/\/tctsol.com\/wp-content\/uploads\/2023\/04\/Circuitos-de-camaras-de-seguridad.jpg 700w, https:\/\/tctsol.com\/wp-content\/uploads\/2023\/04\/Circuitos-de-camaras-de-seguridad-300x203.jpg 300w\" sizes=\"(max-width: 700px) 100vw, 700px\" \/>\t\t\t\t\t\t\t\t\t\t\t\t\t\t\t<\/div>\n\t\t\t\t<\/div>\n\t\t\t\t\t<\/div>\n\t\t<\/div>\n\t\t\t\t\t<\/div>\n\t\t<\/section>\n\t\t\t\t<\/div>\n\t\t","protected":false},"excerpt":{"rendered":"<p>Circuito cerrado de TV Un CCTV o&nbsp;circuito cerrado de televisi\u00f3n&nbsp;es una instalaci\u00f3n de equipos conectados que generan im\u00e1genes que solo puede ser visto por un grupo determinado de personas, estas se personalizan para adaptarse a las necesidades de cada cliente bien sean orientadas a la seguridad, vigilancia o mejora de servicio. Lo que mucha gente&hellip; <br \/> <a class=\"read-more\" href=\"https:\/\/tctsol.com\/index.php\/cctv-2\/\">Leer m\u00e1s<\/a><\/p>\n","protected":false},"author":1,"featured_media":0,"parent":0,"menu_order":0,"comment_status":"closed","ping_status":"closed","template":"","meta":{"footnotes":""},"class_list":["post-537","page","type-page","status-publish","hentry"],"_links":{"self":[{"href":"https:\/\/tctsol.com\/index.php\/wp-json\/wp\/v2\/pages\/537","targetHints":{"allow":["GET"]}}],"collection":[{"href":"https:\/\/tctsol.com\/index.php\/wp-json\/wp\/v2\/pages"}],"about":[{"href":"https:\/\/tctsol.com\/index.php\/wp-json\/wp\/v2\/types\/page"}],"author":[{"embeddable":true,"href":"https:\/\/tctsol.com\/index.php\/wp-json\/wp\/v2\/users\/1"}],"replies":[{"embeddable":true,"href":"https:\/\/tctsol.com\/index.php\/wp-json\/wp\/v2\/comments?post=537"}],"version-history":[{"count":17,"href":"https:\/\/tctsol.com\/index.php\/wp-json\/wp\/v2\/pages\/537\/revisions"}],"predecessor-version":[{"id":618,"href":"https:\/\/tctsol.com\/index.php\/wp-json\/wp\/v2\/pages\/537\/revisions\/618"}],"wp:attachment":[{"href":"https:\/\/tctsol.com\/index.php\/wp-json\/wp\/v2\/media?parent=537"}],"curies":[{"name":"wp","href":"https:\/\/api.w.org\/{rel}","templated":true}]}}