{"id":536,"date":"2023-04-26T16:06:57","date_gmt":"2023-04-26T16:06:57","guid":{"rendered":"https:\/\/tctsol.com\/?page_id=536"},"modified":"2023-07-18T08:23:20","modified_gmt":"2023-07-18T08:23:20","slug":"videoporteros-2","status":"publish","type":"page","link":"https:\/\/tctsol.com\/index.php\/videoporteros-2\/","title":{"rendered":"Videoporteros"},"content":{"rendered":"\t\t<div data-elementor-type=\"wp-page\" data-elementor-id=\"536\" class=\"elementor elementor-536\">\n\t\t\t\t\t\t<section class=\"elementor-section elementor-top-section elementor-element elementor-element-8588c08 elementor-section-boxed elementor-section-height-default elementor-section-height-default\" data-id=\"8588c08\" data-element_type=\"section\" data-e-type=\"section\">\n\t\t\t\t\t\t<div class=\"elementor-container elementor-column-gap-default\">\n\t\t\t\t\t<div class=\"elementor-column elementor-col-100 elementor-top-column elementor-element elementor-element-3a814a0\" data-id=\"3a814a0\" data-element_type=\"column\" data-e-type=\"column\">\n\t\t\t<div class=\"elementor-widget-wrap elementor-element-populated\">\n\t\t\t\t\t\t<div class=\"elementor-element elementor-element-eb19f71 elementor-widget elementor-widget-heading\" data-id=\"eb19f71\" data-element_type=\"widget\" data-e-type=\"widget\" data-widget_type=\"heading.default\">\n\t\t\t\t<div class=\"elementor-widget-container\">\n\t\t\t\t\t<h3 class=\"elementor-heading-title elementor-size-default\">INSTALACI\u00d3N, REPARACI\u00d3N, MANTENIMIENTOS, PORTERO Y VIDEOPORTEROS<\/h3>\t\t\t\t<\/div>\n\t\t\t\t<\/div>\n\t\t\t\t\t<\/div>\n\t\t<\/div>\n\t\t\t\t\t<\/div>\n\t\t<\/section>\n\t\t\t\t<section class=\"elementor-section elementor-top-section elementor-element elementor-element-eecab90 elementor-section-boxed elementor-section-height-default elementor-section-height-default\" data-id=\"eecab90\" data-element_type=\"section\" data-e-type=\"section\">\n\t\t\t\t\t\t<div class=\"elementor-container elementor-column-gap-default\">\n\t\t\t\t\t<div class=\"elementor-column elementor-col-50 elementor-top-column elementor-element elementor-element-0cbdbe7\" data-id=\"0cbdbe7\" data-element_type=\"column\" data-e-type=\"column\">\n\t\t\t<div class=\"elementor-widget-wrap elementor-element-populated\">\n\t\t\t\t\t\t<div class=\"elementor-element elementor-element-1f5afba elementor-widget elementor-widget-image\" data-id=\"1f5afba\" data-element_type=\"widget\" data-e-type=\"widget\" data-widget_type=\"image.default\">\n\t\t\t\t<div class=\"elementor-widget-container\">\n\t\t\t\t\t\t\t\t\t\t\t\t\t\t\t<img fetchpriority=\"high\" decoding=\"async\" width=\"600\" height=\"460\" src=\"https:\/\/tctsol.com\/wp-content\/uploads\/2023\/07\/Video-Portero.jpg\" class=\"attachment-large size-large wp-image-677\" alt=\"\" srcset=\"https:\/\/tctsol.com\/wp-content\/uploads\/2023\/07\/Video-Portero.jpg 600w, https:\/\/tctsol.com\/wp-content\/uploads\/2023\/07\/Video-Portero-300x230.jpg 300w\" sizes=\"(max-width: 600px) 100vw, 600px\" \/>\t\t\t\t\t\t\t\t\t\t\t\t\t\t\t<\/div>\n\t\t\t\t<\/div>\n\t\t\t\t\t<\/div>\n\t\t<\/div>\n\t\t\t\t<div class=\"elementor-column elementor-col-50 elementor-top-column elementor-element elementor-element-12e0265\" data-id=\"12e0265\" data-element_type=\"column\" data-e-type=\"column\">\n\t\t\t<div class=\"elementor-widget-wrap elementor-element-populated\">\n\t\t\t\t\t\t<div class=\"elementor-element elementor-element-0c6f0c6 elementor-widget__width-initial elementor-widget elementor-widget-text-editor\" data-id=\"0c6f0c6\" data-element_type=\"widget\" data-e-type=\"widget\" data-widget_type=\"text-editor.default\">\n\t\t\t\t<div class=\"elementor-widget-container\">\n\t\t\t\t\t\t\t\t\t<h3 dir=\"ltr\" style=\"text-align: center;\">\u00a0<\/h3><ol><li>Montaje de su videoportero en su vivienda sin obras y aprovechando el cableado existente.<\/li><li>Cambio de su actual portero o videoportero por el nuevo adquirido<\/li><li>Puesta en marcha del videoportero adquirido<\/li><li>Explicaci\u00f3n e indicaciones del funcionamiento de las funciones b\u00e1sicas<\/li><\/ol><p>La seguridad es una cuesti\u00f3n clave en cualquier \u00e1mbito de la vida social. En este sentido, muchas veces no podemos contar con las medidas de seguridad deseadas en determinados sitios, simplemente porque est\u00e1 fuera de nuestro alcance. Sin embargo, hay un sitio en particular donde podemos tener el control absoluto de las normas de seguridad, y no es otro lugar m\u00e1s que nuestro hogar.<\/p><div class=\"av-special-heading av-ujlc5e-d892926a28194c1388affcce4ab9e089 av-special-heading-h2 blockquote modern-quote avia-builder-el-38 el_before_av_hr avia-builder-el-first av-linked-heading\" style=\"padding-bottom: 10px; border: 0px #e1e1e1; font-variant-numeric: inherit; font-variant-east-asian: inherit; font-variant-alternates: inherit; font-stretch: inherit; font-size: 14px; line-height: inherit; font-family: 'open sans', Helvetica, Arial, sans-serif; font-optical-sizing: inherit; font-kerning: inherit; font-feature-settings: inherit; font-variation-settings: inherit; vertical-align: baseline; width: 506px; clear: both; position: relative; color: #242424;\"><h2 class=\"av-special-heading-tag\" style=\"border: 0px #e1e1e1; font-style: inherit; font-variant: inherit; font-weight: 300; font-stretch: inherit; font-size: 28px; line-height: 1.1em; font-family: 'open sans', Helvetica, Arial, sans-serif; font-optical-sizing: inherit; font-kerning: inherit; font-feature-settings: inherit; font-variation-settings: inherit; vertical-align: baseline; color: #222222; text-transform: uppercase; letter-spacing: 1px; float: none;\">\u00a0<\/h2><\/div>\t\t\t\t\t\t\t\t<\/div>\n\t\t\t\t<\/div>\n\t\t\t\t\t<\/div>\n\t\t<\/div>\n\t\t\t\t\t<\/div>\n\t\t<\/section>\n\t\t\t\t<section class=\"elementor-section elementor-top-section elementor-element elementor-element-e07b55a elementor-section-boxed elementor-section-height-default elementor-section-height-default\" data-id=\"e07b55a\" data-element_type=\"section\" data-e-type=\"section\">\n\t\t\t\t\t\t<div class=\"elementor-container elementor-column-gap-default\">\n\t\t\t\t\t<div class=\"elementor-column elementor-col-50 elementor-top-column elementor-element elementor-element-8f9d5bc\" data-id=\"8f9d5bc\" data-element_type=\"column\" data-e-type=\"column\">\n\t\t\t<div class=\"elementor-widget-wrap elementor-element-populated\">\n\t\t\t\t\t\t<div class=\"elementor-element elementor-element-f1d6790 elementor-widget elementor-widget-image\" data-id=\"f1d6790\" data-element_type=\"widget\" data-e-type=\"widget\" data-widget_type=\"image.default\">\n\t\t\t\t<div class=\"elementor-widget-container\">\n\t\t\t\t\t\t\t\t\t\t\t\t\t\t\t<img decoding=\"async\" width=\"597\" height=\"291\" src=\"https:\/\/tctsol.com\/wp-content\/uploads\/2021\/04\/videoportero-de-seguridad.png\" class=\"attachment-large size-large wp-image-38\" alt=\"\" srcset=\"https:\/\/tctsol.com\/wp-content\/uploads\/2021\/04\/videoportero-de-seguridad.png 597w, https:\/\/tctsol.com\/wp-content\/uploads\/2021\/04\/videoportero-de-seguridad-300x146.png 300w\" sizes=\"(max-width: 597px) 100vw, 597px\" \/>\t\t\t\t\t\t\t\t\t\t\t\t\t\t\t<\/div>\n\t\t\t\t<\/div>\n\t\t\t\t\t<\/div>\n\t\t<\/div>\n\t\t\t\t<div class=\"elementor-column elementor-col-50 elementor-top-column elementor-element elementor-element-8306683\" data-id=\"8306683\" data-element_type=\"column\" data-e-type=\"column\">\n\t\t\t<div class=\"elementor-widget-wrap elementor-element-populated\">\n\t\t\t\t\t\t<div class=\"elementor-element elementor-element-9b339cb elementor-invisible elementor-widget elementor-widget-heading\" data-id=\"9b339cb\" data-element_type=\"widget\" data-e-type=\"widget\" data-settings=\"{&quot;_animation&quot;:&quot;bounceInLeft&quot;}\" data-widget_type=\"heading.default\">\n\t\t\t\t<div class=\"elementor-widget-container\">\n\t\t\t\t\t<h3 class=\"elementor-heading-title elementor-size-large\">TE CAMBIAMOS A VIDEOPORTERO<\/h3>\t\t\t\t<\/div>\n\t\t\t\t<\/div>\n\t\t\t\t\t<\/div>\n\t\t<\/div>\n\t\t\t\t\t<\/div>\n\t\t<\/section>\n\t\t\t\t<\/div>\n\t\t","protected":false},"excerpt":{"rendered":"<p>INSTALACI\u00d3N, REPARACI\u00d3N, MANTENIMIENTOS, PORTERO Y VIDEOPORTEROS \u00a0 Montaje de su videoportero en su vivienda sin obras y aprovechando el cableado existente. Cambio de su actual portero o videoportero por el nuevo adquirido Puesta en marcha del videoportero adquirido Explicaci\u00f3n e indicaciones del funcionamiento de las funciones b\u00e1sicas La seguridad es una cuesti\u00f3n clave en cualquier&hellip; <br \/> <a class=\"read-more\" href=\"https:\/\/tctsol.com\/index.php\/videoporteros-2\/\">Leer m\u00e1s<\/a><\/p>\n","protected":false},"author":1,"featured_media":0,"parent":0,"menu_order":0,"comment_status":"closed","ping_status":"closed","template":"","meta":{"footnotes":""},"class_list":["post-536","page","type-page","status-publish","hentry"],"_links":{"self":[{"href":"https:\/\/tctsol.com\/index.php\/wp-json\/wp\/v2\/pages\/536","targetHints":{"allow":["GET"]}}],"collection":[{"href":"https:\/\/tctsol.com\/index.php\/wp-json\/wp\/v2\/pages"}],"about":[{"href":"https:\/\/tctsol.com\/index.php\/wp-json\/wp\/v2\/types\/page"}],"author":[{"embeddable":true,"href":"https:\/\/tctsol.com\/index.php\/wp-json\/wp\/v2\/users\/1"}],"replies":[{"embeddable":true,"href":"https:\/\/tctsol.com\/index.php\/wp-json\/wp\/v2\/comments?post=536"}],"version-history":[{"count":52,"href":"https:\/\/tctsol.com\/index.php\/wp-json\/wp\/v2\/pages\/536\/revisions"}],"predecessor-version":[{"id":779,"href":"https:\/\/tctsol.com\/index.php\/wp-json\/wp\/v2\/pages\/536\/revisions\/779"}],"wp:attachment":[{"href":"https:\/\/tctsol.com\/index.php\/wp-json\/wp\/v2\/media?parent=536"}],"curies":[{"name":"wp","href":"https:\/\/api.w.org\/{rel}","templated":true}]}}