{"id":454,"date":"2023-04-26T15:02:39","date_gmt":"2023-04-26T15:02:39","guid":{"rendered":"https:\/\/tctsol.com\/?page_id=454"},"modified":"2023-04-27T17:39:46","modified_gmt":"2023-04-27T17:39:46","slug":"placas-solares","status":"publish","type":"page","link":"https:\/\/tctsol.com\/index.php\/placas-solares\/","title":{"rendered":""},"content":{"rendered":"\t\t<div data-elementor-type=\"wp-page\" data-elementor-id=\"454\" class=\"elementor elementor-454\">\n\t\t\t\t\t\t<section class=\"elementor-section elementor-top-section elementor-element elementor-element-acd58c0 elementor-section-boxed elementor-section-height-default elementor-section-height-default\" data-id=\"acd58c0\" data-element_type=\"section\" data-e-type=\"section\">\n\t\t\t\t\t\t<div class=\"elementor-container elementor-column-gap-default\">\n\t\t\t\t\t<div class=\"elementor-column elementor-col-100 elementor-top-column elementor-element elementor-element-e61d338\" data-id=\"e61d338\" data-element_type=\"column\" data-e-type=\"column\">\n\t\t\t<div class=\"elementor-widget-wrap elementor-element-populated\">\n\t\t\t\t\t\t<div class=\"elementor-element elementor-element-488203c elementor-widget elementor-widget-heading\" data-id=\"488203c\" data-element_type=\"widget\" data-e-type=\"widget\" data-widget_type=\"heading.default\">\n\t\t\t\t<div class=\"elementor-widget-container\">\n\t\t\t\t\t<h2 class=\"elementor-heading-title elementor-size-default\">Placas Solares<\/h2>\t\t\t\t<\/div>\n\t\t\t\t<\/div>\n\t\t\t\t\t<\/div>\n\t\t<\/div>\n\t\t\t\t\t<\/div>\n\t\t<\/section>\n\t\t\t\t<section class=\"elementor-section elementor-top-section elementor-element elementor-element-23c23d2 elementor-section-boxed elementor-section-height-default elementor-section-height-default\" data-id=\"23c23d2\" data-element_type=\"section\" data-e-type=\"section\">\n\t\t\t\t\t\t<div class=\"elementor-container elementor-column-gap-default\">\n\t\t\t\t\t<div class=\"elementor-column elementor-col-100 elementor-top-column elementor-element elementor-element-0022d65\" data-id=\"0022d65\" data-element_type=\"column\" data-e-type=\"column\">\n\t\t\t<div class=\"elementor-widget-wrap elementor-element-populated\">\n\t\t\t\t\t\t<section class=\"elementor-section elementor-inner-section elementor-element elementor-element-02ffb9b elementor-section-boxed elementor-section-height-default elementor-section-height-default\" data-id=\"02ffb9b\" data-element_type=\"section\" data-e-type=\"section\">\n\t\t\t\t\t\t<div class=\"elementor-container elementor-column-gap-default\">\n\t\t\t\t\t<div class=\"elementor-column elementor-col-50 elementor-inner-column elementor-element elementor-element-20974bf\" data-id=\"20974bf\" data-element_type=\"column\" data-e-type=\"column\">\n\t\t\t<div class=\"elementor-widget-wrap elementor-element-populated\">\n\t\t\t\t\t\t<div class=\"elementor-element elementor-element-9e2b080 elementor-widget__width-initial elementor-widget elementor-widget-text-editor\" data-id=\"9e2b080\" data-element_type=\"widget\" data-e-type=\"widget\" data-widget_type=\"text-editor.default\">\n\t\t\t\t<div class=\"elementor-widget-container\">\n\t\t\t\t\t\t\t\t\t<p>Una instalaci\u00f3n solar fotovoltaica es aquella en la que\u00a0 utilizan placas para recoger la energ\u00eda del sol y convertirla directamente en electricidad.<\/p><p>Estos sistemas pueden instalarse en los tejados o en el suelo.\u00a0<\/p><p>En una instalaci\u00f3n fotovoltaica de\u00a0autoconsumo, la electricidad producida por las placas solares es utilizada para el consumo directo de los aparatos o para almacenarla en bater\u00edas para su uso posterior.<\/p><p>Realizamos un estudio para ver y analizar cu\u00e1l es la mejor ubicaci\u00f3n de las placas solares.<\/p><p>Si quieres\u00a0instalar placas solares en tu vivienda, comunidad de vecinos, naves industriales, etc. Ponte en contacto con nosotros, somos instaladores\u00a0profesionales.<\/p><p><strong><span style=\"color: #3366ff;\">Los componentes b\u00e1sicos de una instalaci\u00f3n fotovoltaica son:<\/span><\/strong><\/p><ul><li><p>Paneles son el primer componente y contienen c\u00e9lulas fotovoltaicas que convierten la luz de la radiaci\u00f3n solar en energ\u00eda el\u00e9ctrica.<\/p><\/li><li>Los\u00a0reguladores\u00a0o inversores\u00a0de carga son aquellos que se encargan de que su sistema obtenga suficiente energ\u00eda del sol, mientras que los inversores de corriente la convierten en energ\u00eda utilizable.<\/li><li>Las\u00a0bater\u00edas\u00a0almacenan la sobrante para utilizarla por la noche o en los d\u00edas nublados.<\/li><li>El\u00a0equipo de seguridad y de conexi\u00f3n a tierra\u00a0te mantiene seguro, mientras que el cableado el\u00e9ctrico se utiliza para conectar todos estos componentes entre s\u00ed y transferir la energ\u00eda de una parte del sistema a otra.<\/li><\/ul><p><span style=\"color: #4a4e57; font-family: Poppins;\">\u00a0<\/span><\/p>\t\t\t\t\t\t\t\t<\/div>\n\t\t\t\t<\/div>\n\t\t\t\t\t<\/div>\n\t\t<\/div>\n\t\t\t\t<div class=\"elementor-column elementor-col-50 elementor-inner-column elementor-element elementor-element-25d1aac\" data-id=\"25d1aac\" data-element_type=\"column\" data-e-type=\"column\">\n\t\t\t<div class=\"elementor-widget-wrap elementor-element-populated\">\n\t\t\t\t\t\t<div class=\"elementor-element elementor-element-0db9889 elementor-widget elementor-widget-image\" data-id=\"0db9889\" data-element_type=\"widget\" data-e-type=\"widget\" data-widget_type=\"image.default\">\n\t\t\t\t<div class=\"elementor-widget-container\">\n\t\t\t\t\t\t\t\t\t\t\t\t\t\t\t<img decoding=\"async\" src=\"https:\/\/tctsol.com\/wp-content\/uploads\/elementor\/thumbs\/PHOTO-2022-12-02-19-20-32-1-q5l5lif4rnn96dtm583gxqmy76wypo6fxgzlucfgmw.jpg\" title=\"PHOTO-2022-12-02-19-20-32 (1)\" alt=\"PHOTO-2022-12-02-19-20-32 (1)\" loading=\"lazy\" \/>\t\t\t\t\t\t\t\t\t\t\t\t\t\t\t<\/div>\n\t\t\t\t<\/div>\n\t\t\t\t\t<\/div>\n\t\t<\/div>\n\t\t\t\t\t<\/div>\n\t\t<\/section>\n\t\t\t\t\t<\/div>\n\t\t<\/div>\n\t\t\t\t\t<\/div>\n\t\t<\/section>\n\t\t\t\t<section class=\"elementor-section elementor-top-section elementor-element elementor-element-3911b86 elementor-section-boxed elementor-section-height-default elementor-section-height-default\" data-id=\"3911b86\" data-element_type=\"section\" data-e-type=\"section\">\n\t\t\t\t\t\t<div class=\"elementor-container elementor-column-gap-default\">\n\t\t\t\t\t<div class=\"elementor-column elementor-col-50 elementor-top-column elementor-element elementor-element-f7c3b1d\" data-id=\"f7c3b1d\" data-element_type=\"column\" data-e-type=\"column\">\n\t\t\t<div class=\"elementor-widget-wrap elementor-element-populated\">\n\t\t\t\t\t\t<div class=\"elementor-element elementor-element-926b157 elementor-invisible elementor-widget elementor-widget-heading\" data-id=\"926b157\" data-element_type=\"widget\" data-e-type=\"widget\" data-settings=\"{&quot;_animation&quot;:&quot;zoomIn&quot;}\" data-widget_type=\"heading.default\">\n\t\t\t\t<div class=\"elementor-widget-container\">\n\t\t\t\t\t<h1 class=\"elementor-heading-title elementor-size-default\"><br>P\u00eddanos presupuesto sin compromiso<\/h1>\t\t\t\t<\/div>\n\t\t\t\t<\/div>\n\t\t\t\t\t<\/div>\n\t\t<\/div>\n\t\t\t\t<div class=\"elementor-column elementor-col-50 elementor-top-column elementor-element elementor-element-fbfb015\" data-id=\"fbfb015\" data-element_type=\"column\" data-e-type=\"column\">\n\t\t\t<div class=\"elementor-widget-wrap elementor-element-populated\">\n\t\t\t\t\t\t<div class=\"elementor-element elementor-element-e09dfb9 elementor-widget elementor-widget-image\" data-id=\"e09dfb9\" data-element_type=\"widget\" data-e-type=\"widget\" data-widget_type=\"image.default\">\n\t\t\t\t<div class=\"elementor-widget-container\">\n\t\t\t\t\t\t\t\t\t\t\t\t\t\t\t<img fetchpriority=\"high\" decoding=\"async\" width=\"425\" height=\"191\" src=\"https:\/\/tctsol.com\/wp-content\/uploads\/2023\/04\/Imagen2.jpg\" class=\"attachment-large size-large wp-image-510\" alt=\"\" srcset=\"https:\/\/tctsol.com\/wp-content\/uploads\/2023\/04\/Imagen2.jpg 425w, https:\/\/tctsol.com\/wp-content\/uploads\/2023\/04\/Imagen2-300x135.jpg 300w\" sizes=\"(max-width: 425px) 100vw, 425px\" \/>\t\t\t\t\t\t\t\t\t\t\t\t\t\t\t<\/div>\n\t\t\t\t<\/div>\n\t\t\t\t\t<\/div>\n\t\t<\/div>\n\t\t\t\t\t<\/div>\n\t\t<\/section>\n\t\t\t\t<section class=\"elementor-section elementor-top-section elementor-element elementor-element-d502b2b elementor-section-boxed elementor-section-height-default elementor-section-height-default\" data-id=\"d502b2b\" data-element_type=\"section\" data-e-type=\"section\">\n\t\t\t\t\t\t<div class=\"elementor-container elementor-column-gap-default\">\n\t\t\t\t\t<div class=\"elementor-column elementor-col-100 elementor-top-column elementor-element elementor-element-2020a59\" data-id=\"2020a59\" data-element_type=\"column\" data-e-type=\"column\">\n\t\t\t<div class=\"elementor-widget-wrap elementor-element-populated\">\n\t\t\t\t\t\t<div class=\"elementor-element elementor-element-795dc05 elementor-widget elementor-widget-image\" data-id=\"795dc05\" data-element_type=\"widget\" data-e-type=\"widget\" data-widget_type=\"image.default\">\n\t\t\t\t<div class=\"elementor-widget-container\">\n\t\t\t\t\t\t\t\t\t\t\t\t\t\t\t<img decoding=\"async\" width=\"1024\" height=\"433\" src=\"https:\/\/tctsol.com\/wp-content\/uploads\/2023\/04\/foto-1024x433.png\" class=\"attachment-large size-large wp-image-521\" alt=\"\" srcset=\"https:\/\/tctsol.com\/wp-content\/uploads\/2023\/04\/foto-1024x433.png 1024w, https:\/\/tctsol.com\/wp-content\/uploads\/2023\/04\/foto-300x127.png 300w, https:\/\/tctsol.com\/wp-content\/uploads\/2023\/04\/foto-768x325.png 768w, https:\/\/tctsol.com\/wp-content\/uploads\/2023\/04\/foto-1536x650.png 1536w, https:\/\/tctsol.com\/wp-content\/uploads\/2023\/04\/foto-2048x866.png 2048w, https:\/\/tctsol.com\/wp-content\/uploads\/2023\/04\/foto-1920x812.png 1920w\" sizes=\"(max-width: 1024px) 100vw, 1024px\" \/>\t\t\t\t\t\t\t\t\t\t\t\t\t\t\t<\/div>\n\t\t\t\t<\/div>\n\t\t\t\t\t<\/div>\n\t\t<\/div>\n\t\t\t\t\t<\/div>\n\t\t<\/section>\n\t\t\t\t<\/div>\n\t\t","protected":false},"excerpt":{"rendered":"<p>Placas Solares Una instalaci\u00f3n solar fotovoltaica es aquella en la que\u00a0 utilizan placas para recoger la energ\u00eda del sol y convertirla directamente en electricidad. Estos sistemas pueden instalarse en los tejados o en el suelo.\u00a0 En una instalaci\u00f3n fotovoltaica de\u00a0autoconsumo, la electricidad producida por las placas solares es utilizada para el consumo directo de los&hellip; <br \/> <a class=\"read-more\" href=\"https:\/\/tctsol.com\/index.php\/placas-solares\/\">Leer m\u00e1s<\/a><\/p>\n","protected":false},"author":1,"featured_media":0,"parent":0,"menu_order":0,"comment_status":"closed","ping_status":"closed","template":"","meta":{"footnotes":""},"class_list":["post-454","page","type-page","status-publish","hentry"],"_links":{"self":[{"href":"https:\/\/tctsol.com\/index.php\/wp-json\/wp\/v2\/pages\/454","targetHints":{"allow":["GET"]}}],"collection":[{"href":"https:\/\/tctsol.com\/index.php\/wp-json\/wp\/v2\/pages"}],"about":[{"href":"https:\/\/tctsol.com\/index.php\/wp-json\/wp\/v2\/types\/page"}],"author":[{"embeddable":true,"href":"https:\/\/tctsol.com\/index.php\/wp-json\/wp\/v2\/users\/1"}],"replies":[{"embeddable":true,"href":"https:\/\/tctsol.com\/index.php\/wp-json\/wp\/v2\/comments?post=454"}],"version-history":[{"count":73,"href":"https:\/\/tctsol.com\/index.php\/wp-json\/wp\/v2\/pages\/454\/revisions"}],"predecessor-version":[{"id":625,"href":"https:\/\/tctsol.com\/index.php\/wp-json\/wp\/v2\/pages\/454\/revisions\/625"}],"wp:attachment":[{"href":"https:\/\/tctsol.com\/index.php\/wp-json\/wp\/v2\/media?parent=454"}],"curies":[{"name":"wp","href":"https:\/\/api.w.org\/{rel}","templated":true}]}}